{"id":22,"date":"2025-03-15T08:11:22","date_gmt":"2025-03-15T08:11:22","guid":{"rendered":"https:\/\/www.cvilis.com\/enstitu\/student-registration\/"},"modified":"2025-03-15T08:11:22","modified_gmt":"2025-03-15T08:11:22","slug":"student-registration","status":"publish","type":"page","link":"https:\/\/www.cvilis.com\/enstitu\/student-registration\/","title":{"rendered":"Student Registration"},"content":{"rendered":"<div class=\"user-form-box user-register-form\">\n\t<div class=\"user-form-wrap\">\n\t\t<div class=\"form-header\">\n\t\t\t<h4 class=\"form-title\">\u00d6\u011frenci kayd\u0131<\/h4>\n\t\t\t<p class=\"form-description\">\n\t\t\t\tZaten bir hesab\u0131n\u0131z var m\u0131? sGiri\u015f yap<a href=\"https:\/\/www.cvilis.com\/enstitu\/dashboard\/\" class=\"link-transition-02\">\t\t\t<\/p>\n\t\t<\/div>\n\n\t\t\n\t\t<form method=\"post\" enctype=\"multipart\/form-data\" id=\"tutor-registration-form\">\n\t\t\t<input type=\"hidden\" name=\"tutor_course_enroll_attempt\" value=\"\">\n\t\t\t\n\t\t\t<input type=\"hidden\" id=\"_tutor_nonce\" name=\"_tutor_nonce\" value=\"cedb7641bf\" \/><input type=\"hidden\" name=\"_wp_http_referer\" value=\"\/enstitu\/wp-json\/wp\/v2\/pages\/22\" \/>\t\t\t<input type=\"hidden\" value=\"tutor_register_student\" name=\"tutor_action\"\/>\n\n\t\t\t\n\t\t\t<div class=\"form-row row\">\n\t\t\t\t<div class=\"col-xs-12 col-sm-6\">\n\t\t\t\t\t<label>\u0130lk \u0130sim<\/label>\n\t\t\t\t\t<input type=\"text\" name=\"first_name\"\n\t\t\t\t\t       value=\"\"\n\t\t\t\t\t       placeholder=\"\u0130lk \u0130sim\"\n\t\t\t\t\t\/>\n\t\t\t\t<\/div>\n\t\t\t\t<div class=\"col-xs-12 col-sm-6\">\n\t\t\t\t\t<label>Soyad\u0131<\/label>\n\t\t\t\t\t<input type=\"text\" name=\"last_name\"\n\t\t\t\t\t       value=\"\"\n\t\t\t\t\t       placeholder=\"Soyad\u0131\"\n\t\t\t\t\t\/>\n\t\t\t\t<\/div>\n\t\t\t<\/div>\n\n\t\t\t<div class=\"form-row row\">\n\t\t\t\t<div class=\"col-xs-12 col-sm-6\">\n\t\t\t\t\t<label>Kullan\u0131c\u0131 Ad\u0131<\/label>\n\t\t\t\t\t<input type=\"text\" name=\"user_login\" class=\"tutor_user_name\"\n\t\t\t\t\t       value=\"\"\n\t\t\t\t\t       placeholder=\"Kullan\u0131c\u0131 Ad\u0131\"\n\t\t\t\t\t\/>\n\t\t\t\t<\/div>\n\t\t\t\t<div class=\"col-xs-12 col-sm-6\">\n\t\t\t\t\t<label>E-posta<\/label>\n\t\t\t\t\t<input type=\"text\" name=\"email\"\n\t\t\t\t\t       value=\"\"\n\t\t\t\t\t       placeholder=\"E-posta adresiniz\"\n\t\t\t\t\t\/>\n\t\t\t\t<\/div>\n\t\t\t<\/div>\n\n\t\t\t<div class=\"form-row row\">\n\t\t\t\t<div class=\"col-xs-12 col-sm-6 form-input-password\">\n\t\t\t\t\t<label>\u015eifre<\/label>\n\t\t\t\t\t<input type=\"password\" name=\"password\"\n\t\t\t\t\t       value=\"\"\n\t\t\t\t\t       placeholder=\"\u015eifre\"\n\t\t\t\t\t\/>\n\t\t\t\t\t<button type=\"button\" class=\"btn-pw-toggle\" data-toggle=\"0\"\n\t\t\t\t\t        aria-label=\"\u015eifreyi g\u00f6ster\">\n\t\t\t\t\t<\/button>\n\t\t\t\t<\/div>\n\n\t\t\t\t<div class=\"col-xs-12 col-sm-6 form-input-password\">\n\t\t\t\t\t<label>\u015eifre onay\u0131<\/label>\n\t\t\t\t\t<input type=\"password\" name=\"password_confirmation\"\n\t\t\t\t\t       value=\"\"\n\t\t\t\t\t       placeholder=\"\u015eifre onay\u0131\"\n\t\t\t\t\t\/>\n\t\t\t\t\t<button type=\"button\" class=\"btn-pw-toggle\" data-toggle=\"0\"\n\t\t\t\t\t        aria-label=\"\u015eifreyi g\u00f6ster\">\n\t\t\t\t\t<\/button>\n\t\t\t\t<\/div>\n\t\t\t<\/div>\n\n\t\t\t<div>No apps configured. Please contact your administrator.<\/div>\n\t\t\t\n\t\t\t\t\t\t\n\t\t\t<div class=\"form-row\">\n\t\t\t\t<button type=\"submit\" name=\"tutor_register_student_btn\" value=\"register\" class=\"tutor-button form-submit\">Kay\u0131t Olun<\/button>\n\t\t\t<\/div>\n\t\t<\/form>\n\n\t\t\t<\/div>\n\t<\/div>\n","protected":false},"excerpt":{"rendered":"<p>\u00d6\u011frenci kayd\u0131 Zaten bir hesab\u0131n\u0131z var m\u0131? sGiri\u015f yap \u0130lk \u0130sim Soyad\u0131 Kullan\u0131c\u0131 Ad\u0131 E-posta \u015eifre \u015eifre onay\u0131 No apps configured. Please contact your administrator. Kay\u0131t Olun<\/p>\n","protected":false},"author":1,"featured_media":0,"parent":0,"menu_order":0,"comment_status":"closed","ping_status":"closed","template":"","meta":{"footnotes":""},"class_list":["post-22","page","type-page","status-publish","hentry","post-no-thumbnail"],"_links":{"self":[{"href":"https:\/\/www.cvilis.com\/enstitu\/wp-json\/wp\/v2\/pages\/22","targetHints":{"allow":["GET"]}}],"collection":[{"href":"https:\/\/www.cvilis.com\/enstitu\/wp-json\/wp\/v2\/pages"}],"about":[{"href":"https:\/\/www.cvilis.com\/enstitu\/wp-json\/wp\/v2\/types\/page"}],"author":[{"embeddable":true,"href":"https:\/\/www.cvilis.com\/enstitu\/wp-json\/wp\/v2\/users\/1"}],"replies":[{"embeddable":true,"href":"https:\/\/www.cvilis.com\/enstitu\/wp-json\/wp\/v2\/comments?post=22"}],"version-history":[{"count":0,"href":"https:\/\/www.cvilis.com\/enstitu\/wp-json\/wp\/v2\/pages\/22\/revisions"}],"wp:attachment":[{"href":"https:\/\/www.cvilis.com\/enstitu\/wp-json\/wp\/v2\/media?parent=22"}],"curies":[{"name":"wp","href":"https:\/\/api.w.org\/{rel}","templated":true}]}}